{"id":154,"date":"2022-06-29T13:28:46","date_gmt":"2022-06-29T13:28:46","guid":{"rendered":"https:\/\/www.bodyimagineering.nl\/?page_id=154"},"modified":"2022-12-16T11:59:47","modified_gmt":"2022-12-16T09:59:47","slug":"minds-that-go-together-grow-together","status":"publish","type":"page","link":"https:\/\/www.bodyimagineering.nl\/en\/minds-that-go-together-grow-together\/","title":{"rendered":"Minds that go together, grow together"},"content":{"rendered":"<div data-elementor-type=\"wp-page\" data-elementor-id=\"154\" class=\"elementor elementor-154\">\n\t\t\t\t\t\t<section class=\"elementor-section elementor-top-section elementor-element elementor-element-b7b71d4 elementor-section-full_width elementor-section-height-default elementor-section-height-default\" data-id=\"b7b71d4\" data-element_type=\"section\">\n\t\t\t\t\t\t<div class=\"elementor-container elementor-column-gap-no\">\n\t\t\t\t\t<div class=\"elementor-column elementor-col-100 elementor-top-column elementor-element elementor-element-d12bd0c\" data-id=\"d12bd0c\" data-element_type=\"column\">\n\t\t\t<div class=\"elementor-widget-wrap elementor-element-populated\">\n\t\t\t\t\t\t<div class=\"elementor-element elementor-element-2674c75 elementor-widget elementor-widget-image\" data-id=\"2674c75\" data-element_type=\"widget\" data-widget_type=\"image.default\">\n\t\t\t\t<div class=\"elementor-widget-container\">\n\t\t\t\t\t\t\t\t\t\t\t\t\t\t\t<img fetchpriority=\"high\" decoding=\"async\" width=\"2000\" height=\"800\" src=\"https:\/\/www.bodyimagineering.nl\/wp-content\/uploads\/2022\/12\/01-minds.jpg\" class=\"attachment-full size-full wp-image-841\" alt=\"\" srcset=\"https:\/\/www.bodyimagineering.nl\/wp-content\/uploads\/2022\/12\/01-minds.jpg 2000w, https:\/\/www.bodyimagineering.nl\/wp-content\/uploads\/2022\/12\/01-minds-300x120.jpg 300w, https:\/\/www.bodyimagineering.nl\/wp-content\/uploads\/2022\/12\/01-minds-1024x410.jpg 1024w, https:\/\/www.bodyimagineering.nl\/wp-content\/uploads\/2022\/12\/01-minds-768x307.jpg 768w, https:\/\/www.bodyimagineering.nl\/wp-content\/uploads\/2022\/12\/01-minds-1536x614.jpg 1536w, https:\/\/www.bodyimagineering.nl\/wp-content\/uploads\/2022\/12\/01-minds-18x7.jpg 18w\" sizes=\"100vw\" \/>\t\t\t\t\t\t\t\t\t\t\t\t\t\t\t<\/div>\n\t\t\t\t<\/div>\n\t\t\t\t\t<\/div>\n\t\t<\/div>\n\t\t\t\t\t<\/div>\n\t\t<\/section>\n\t\t\t\t<section class=\"elementor-section elementor-top-section elementor-element elementor-element-275d3c3 elementor-section-full_width elementor-section-height-default elementor-section-height-default\" data-id=\"275d3c3\" data-element_type=\"section\">\n\t\t\t\t\t\t<div class=\"elementor-container elementor-column-gap-no\">\n\t\t\t\t\t<div class=\"elementor-column elementor-col-33 elementor-top-column elementor-element elementor-element-a9d795d\" data-id=\"a9d795d\" data-element_type=\"column\">\n\t\t\t<div class=\"elementor-widget-wrap\">\n\t\t\t\t\t\t\t<\/div>\n\t\t<\/div>\n\t\t\t\t<div class=\"elementor-column elementor-col-33 elementor-top-column elementor-element elementor-element-ee1af56\" data-id=\"ee1af56\" data-element_type=\"column\">\n\t\t\t<div class=\"elementor-widget-wrap elementor-element-populated\">\n\t\t\t\t\t\t<div class=\"elementor-element elementor-element-0f1533d elementor-widget elementor-widget-text-editor\" data-id=\"0f1533d\" data-element_type=\"widget\" data-widget_type=\"text-editor.default\">\n\t\t\t\t<div class=\"elementor-widget-container\">\n\t\t\t\t\t\t\t\t\t<p><strong><br \/>Group Body Imagineering (online)<\/strong><\/p>\n<p>If you are ready for transformation and your resonance is to be supported by a group then this is for you. It is a matter of preference, as powerful as one on one sessions may be, co-creating can be equally and sometimes more powerful. It truly depends on you. Sharing a space with like minded people that carry the same intention has a reflective power and accelerated learning.<\/p>\t\t\t\t\t\t\t\t<\/div>\n\t\t\t\t<\/div>\n\t\t\t\t\t<\/div>\n\t\t<\/div>\n\t\t\t\t<div class=\"elementor-column elementor-col-33 elementor-top-column elementor-element elementor-element-704dd72\" data-id=\"704dd72\" data-element_type=\"column\">\n\t\t\t<div class=\"elementor-widget-wrap\">\n\t\t\t\t\t\t\t<\/div>\n\t\t<\/div>\n\t\t\t\t\t<\/div>\n\t\t<\/section>\n\t\t\t\t<section class=\"elementor-section elementor-top-section elementor-element elementor-element-6d56755 elementor-section-full_width elementor-section-height-default elementor-section-height-default\" data-id=\"6d56755\" data-element_type=\"section\">\n\t\t\t\t\t\t<div class=\"elementor-container elementor-column-gap-no\">\n\t\t\t\t\t<div class=\"elementor-column elementor-col-100 elementor-top-column elementor-element elementor-element-1d6ddb2\" data-id=\"1d6ddb2\" data-element_type=\"column\">\n\t\t\t<div class=\"elementor-widget-wrap elementor-element-populated\">\n\t\t\t\t\t\t<div class=\"elementor-element elementor-element-896ae65 elementor-widget__width-inherit elementor-widget elementor-widget-heading\" data-id=\"896ae65\" data-element_type=\"widget\" data-widget_type=\"heading.default\">\n\t\t\t\t<div class=\"elementor-widget-container\">\n\t\t\t\t\t<h2 class=\"elementor-heading-title elementor-size-default\">\"It is magical\"<\/h2>\t\t\t\t<\/div>\n\t\t\t\t<\/div>\n\t\t\t\t\t<\/div>\n\t\t<\/div>\n\t\t\t\t\t<\/div>\n\t\t<\/section>\n\t\t\t\t<section class=\"elementor-section elementor-top-section elementor-element elementor-element-add58d4 elementor-section-full_width elementor-section-content-top elementor-section-height-default elementor-section-height-default\" data-id=\"add58d4\" data-element_type=\"section\">\n\t\t\t\t\t\t<div class=\"elementor-container elementor-column-gap-no\">\n\t\t\t\t\t<div class=\"elementor-column elementor-col-50 elementor-top-column elementor-element elementor-element-2868810\" data-id=\"2868810\" data-element_type=\"column\">\n\t\t\t<div class=\"elementor-widget-wrap elementor-element-populated\">\n\t\t\t\t\t\t<div class=\"elementor-element elementor-element-7ceab59 elementor-widget elementor-widget-text-editor\" data-id=\"7ceab59\" data-element_type=\"widget\" data-widget_type=\"text-editor.default\">\n\t\t\t\t<div class=\"elementor-widget-container\">\n\t\t\t\t\t\t\t\t\t<p><strong>What can you expect?<\/strong><\/p>\n<p>Awareness, curiosity, imagination, initiative, creativity, and self-reflection are key ingredients if you would like to level up your bodily expression of self. So that\u2019s what you bring and I will do the same!  And I will add to that NeuroMovement lessons, energetic exercises, spontaneous imagineering games or meditations, reflective talks and homework assignments.<\/p>\n<p><!-- \/wp:paragraph --><!-- wp:paragraph --><\/p>\n<p>In healing and transformation processes concerning the body, darkness can and probably will appear. Yet these group sessions are not meant to be heavy. Light is our nature, so we are going to play it light! Without bypassing anything that needs to be seen, accepted and loved. So dare to share your shit while shooting for the stars!<\/p>\n<p><!-- \/wp:paragraph --><!-- wp:paragraph --><\/p>\n<p>Group settings are a safe space we create together in order to expose our hidden agendas and\nblockages. When we each show up honestly with the intention to accept ourselves and each other,\nwe then create an environment that unleashes our best versions. And it feels great to do it\ntogether!<br \/>You will feel everything, things you\u2019ve avoided and states you\u2019ve never thought possible.\nBodyImagineering is about imagining and creating new possibilities of freedom in your physical\nexpression. It is magical!<\/p>\n<p><!-- \/wp:paragraph --><!-- wp:image {\"id\":96,\"sizeSlug\":\"large\",\"linkDestination\":\"none\"} --><\/p>\t\t\t\t\t\t\t\t<\/div>\n\t\t\t\t<\/div>\n\t\t\t\t\t<\/div>\n\t\t<\/div>\n\t\t\t\t<div class=\"elementor-column elementor-col-50 elementor-top-column elementor-element elementor-element-d04f53c\" data-id=\"d04f53c\" data-element_type=\"column\">\n\t\t\t<div class=\"elementor-widget-wrap elementor-element-populated\">\n\t\t\t\t\t\t<div class=\"elementor-element elementor-element-05d4cab elementor-widget elementor-widget-image\" data-id=\"05d4cab\" data-element_type=\"widget\" data-widget_type=\"image.default\">\n\t\t\t\t<div class=\"elementor-widget-container\">\n\t\t\t\t\t\t\t\t\t\t\t\t\t\t\t<img decoding=\"async\" src=\"https:\/\/www.bodyimagineering.nl\/wp-content\/uploads\/elementor\/thumbs\/werkfile_judith_02a-scaled-rf6bhwltuzocfackqaj0w253y9aondbqtoacrdc5nc.jpg\" title=\"werkfile_judith_02a\" alt=\"werkfile_judith_02a\" loading=\"lazy\" \/>\t\t\t\t\t\t\t\t\t\t\t\t\t\t\t<\/div>\n\t\t\t\t<\/div>\n\t\t\t\t\t<\/div>\n\t\t<\/div>\n\t\t\t\t\t<\/div>\n\t\t<\/section>\n\t\t\t\t<section class=\"elementor-section elementor-top-section elementor-element elementor-element-78f53aa elementor-section-full_width elementor-section-height-default elementor-section-height-default\" data-id=\"78f53aa\" data-element_type=\"section\">\n\t\t\t\t\t\t<div class=\"elementor-container elementor-column-gap-no\">\n\t\t\t\t\t<div class=\"elementor-column elementor-col-100 elementor-top-column elementor-element elementor-element-b6136cd\" data-id=\"b6136cd\" data-element_type=\"column\">\n\t\t\t<div class=\"elementor-widget-wrap elementor-element-populated\">\n\t\t\t\t\t\t<div class=\"elementor-element elementor-element-3be241a elementor-widget elementor-widget-image\" data-id=\"3be241a\" data-element_type=\"widget\" data-widget_type=\"image.default\">\n\t\t\t\t<div class=\"elementor-widget-container\">\n\t\t\t\t\t\t\t\t\t\t\t\t\t\t\t<img decoding=\"async\" width=\"1898\" height=\"676\" src=\"https:\/\/www.bodyimagineering.nl\/wp-content\/uploads\/2022\/05\/042B3721-copy-3.jpg\" class=\"attachment-full size-full wp-image-96\" alt=\"\" srcset=\"https:\/\/www.bodyimagineering.nl\/wp-content\/uploads\/2022\/05\/042B3721-copy-3.jpg 1898w, https:\/\/www.bodyimagineering.nl\/wp-content\/uploads\/2022\/05\/042B3721-copy-3-300x107.jpg 300w, https:\/\/www.bodyimagineering.nl\/wp-content\/uploads\/2022\/05\/042B3721-copy-3-1024x365.jpg 1024w, https:\/\/www.bodyimagineering.nl\/wp-content\/uploads\/2022\/05\/042B3721-copy-3-768x274.jpg 768w, https:\/\/www.bodyimagineering.nl\/wp-content\/uploads\/2022\/05\/042B3721-copy-3-1536x547.jpg 1536w\" sizes=\"100vw\" \/>\t\t\t\t\t\t\t\t\t\t\t\t\t\t\t<\/div>\n\t\t\t\t<\/div>\n\t\t\t\t\t<\/div>\n\t\t<\/div>\n\t\t\t\t\t<\/div>\n\t\t<\/section>\n\t\t\t\t<section class=\"elementor-section elementor-top-section elementor-element elementor-element-67bfb345 elementor-section-full_width elementor-section-height-default elementor-section-height-default\" data-id=\"67bfb345\" data-element_type=\"section\">\n\t\t\t\t\t\t<div class=\"elementor-container elementor-column-gap-default\">\n\t\t\t\t\t<div class=\"elementor-column elementor-col-100 elementor-top-column elementor-element elementor-element-190f545e\" data-id=\"190f545e\" data-element_type=\"column\">\n\t\t\t<div class=\"elementor-widget-wrap elementor-element-populated\">\n\t\t\t\t\t\t<div class=\"elementor-element elementor-element-7c141e6c elementor-widget elementor-widget-text-editor\" data-id=\"7c141e6c\" data-element_type=\"widget\" data-widget_type=\"text-editor.default\">\n\t\t\t\t<div class=\"elementor-widget-container\">\n\t\t\t\t\t\t\t\t\t<!-- wp:paragraph --><!-- \/wp:paragraph --><!-- wp:image {\"id\":686,\"sizeSlug\":\"large\",\"linkDestination\":\"none\"} --><!-- \/wp:image --><!-- wp:paragraph -->\n<figure class=\"wp-block-image size-large\"><\/figure>\n<!-- \/wp:image --><!-- wp:paragraph -->\n<p><strong>What does it cost?<\/strong><br \/>Body Imagineering in a group is a monthly program that consists of 4 online live sessions (90\nminutes)<\/p>\n<!-- \/wp:paragraph --><!-- wp:list -->\n<ul>\n<li>with training and Q&amp;A<\/li>\n<li>homework assignments<\/li>\n<li>participation in small groups through\nTelegram<\/li>\n<li>the possibility to ask questions on the Telegram chat<br \/><br \/>Your investment is \u20ac99,- a month.<br \/>(You can participate several months in a row if that is in your highest excitement. <br \/>I will refresh and\nrenew the content every month.)<\/li>\n<\/ul>\n<!-- \/wp:list -->\t\t\t\t\t\t\t\t<\/div>\n\t\t\t\t<\/div>\n\t\t\t\t\t<\/div>\n\t\t<\/div>\n\t\t\t\t\t<\/div>\n\t\t<\/section>\n\t\t\t\t<section class=\"elementor-section elementor-top-section elementor-element elementor-element-01995c5 elementor-section-full_width elementor-section-height-default elementor-section-height-default\" data-id=\"01995c5\" data-element_type=\"section\">\n\t\t\t\t\t\t<div class=\"elementor-container elementor-column-gap-default\">\n\t\t\t\t\t<div class=\"elementor-column elementor-col-100 elementor-top-column elementor-element elementor-element-2092cba\" data-id=\"2092cba\" data-element_type=\"column\">\n\t\t\t<div class=\"elementor-widget-wrap elementor-element-populated\">\n\t\t\t\t\t\t<div class=\"elementor-element elementor-element-b359849 elementor-align-left elementor-widget elementor-widget-button\" data-id=\"b359849\" data-element_type=\"widget\" data-widget_type=\"button.default\">\n\t\t\t\t<div class=\"elementor-widget-container\">\n\t\t\t\t\t\t\t\t\t<div class=\"elementor-button-wrapper\">\n\t\t\t\t\t<a class=\"elementor-button elementor-button-link elementor-size-sm\" href=\"https:\/\/www.bodyimagineering.nl\/en\/contact\/\">\n\t\t\t\t\t\t<span class=\"elementor-button-content-wrapper\">\n\t\t\t\t\t\t\t\t\t<span class=\"elementor-button-text\">Please contact us for more info<\/span>\n\t\t\t\t\t<\/span>\n\t\t\t\t\t<\/a>\n\t\t\t\t<\/div>\n\t\t\t\t\t\t\t\t<\/div>\n\t\t\t\t<\/div>\n\t\t\t\t\t<\/div>\n\t\t<\/div>\n\t\t\t\t\t<\/div>\n\t\t<\/section>\n\t\t\t\t<\/div>","protected":false},"excerpt":{"rendered":"<p>Body Imagineering in een groep (online) Als je klaar bent voor transformatie en je voelt dat je hierbij gesteund wilt worden door een groep, dan is dit voor jou. Het is een kwestie van voorkeur: hoe krachtig \u00e9\u00e9n-op-\u00e9\u00e9n sessies ook zijn, co-cre\u00ebren kan net zo en soms zelfs krachtiger zijn. Dat hangt helemaal van jou &hellip; <\/p>\n<p class=\"link-more\"><a href=\"https:\/\/www.bodyimagineering.nl\/en\/minds-that-go-together-grow-together\/\" class=\"more-link\">Continue reading<span class=\"screen-reader-text\"> &#8220;Minds that go together, grow together&#8221;<\/span><\/a><\/p>","protected":false},"author":2,"featured_media":0,"parent":0,"menu_order":0,"comment_status":"closed","ping_status":"closed","template":"elementor_header_footer","meta":{"footnotes":""},"class_list":["post-154","page","type-page","status-publish","hentry"],"_links":{"self":[{"href":"https:\/\/www.bodyimagineering.nl\/en\/wp-json\/wp\/v2\/pages\/154","targetHints":{"allow":["GET"]}}],"collection":[{"href":"https:\/\/www.bodyimagineering.nl\/en\/wp-json\/wp\/v2\/pages"}],"about":[{"href":"https:\/\/www.bodyimagineering.nl\/en\/wp-json\/wp\/v2\/types\/page"}],"author":[{"embeddable":true,"href":"https:\/\/www.bodyimagineering.nl\/en\/wp-json\/wp\/v2\/users\/2"}],"replies":[{"embeddable":true,"href":"https:\/\/www.bodyimagineering.nl\/en\/wp-json\/wp\/v2\/comments?post=154"}],"version-history":[{"count":56,"href":"https:\/\/www.bodyimagineering.nl\/en\/wp-json\/wp\/v2\/pages\/154\/revisions"}],"predecessor-version":[{"id":1040,"href":"https:\/\/www.bodyimagineering.nl\/en\/wp-json\/wp\/v2\/pages\/154\/revisions\/1040"}],"wp:attachment":[{"href":"https:\/\/www.bodyimagineering.nl\/en\/wp-json\/wp\/v2\/media?parent=154"}],"curies":[{"name":"wp","href":"https:\/\/api.w.org\/{rel}","templated":true}]}}